{"id":1180,"date":"2025-11-30T15:56:24","date_gmt":"2025-11-30T15:56:24","guid":{"rendered":"https:\/\/folkfestbuscador.com\/?page_id=1180"},"modified":"2026-04-16T11:49:00","modified_gmt":"2026-04-16T11:49:00","slug":"paquetes","status":"publish","type":"page","link":"https:\/\/folkfestbuscador.com\/es\/paquetes\/","title":{"rendered":"Paquetes"},"content":{"rendered":"\t\t<div data-elementor-type=\"wp-page\" data-elementor-id=\"1180\" class=\"elementor elementor-1180 elementor-623\">\n\t\t\t\t<div class=\"elementor-element elementor-element-6faad7c e-flex e-con-boxed e-con e-parent\" data-id=\"6faad7c\" data-element_type=\"container\" data-e-type=\"container\">\n\t\t\t\t\t<div class=\"e-con-inner\">\n\t\t\t\t<div class=\"elementor-element elementor-element-2289575 elementor-widget__width-inherit elementor-widget elementor-widget-heading\" data-id=\"2289575\" data-element_type=\"widget\" data-e-type=\"widget\" data-widget_type=\"heading.default\">\n\t\t\t\t\t<h1 class=\"elementor-heading-title elementor-size-default\">Paquetes<\/h1>\t\t\t\t<\/div>\n\t\t<div class=\"elementor-element elementor-element-9ede14e e-con-full e-flex e-con e-child\" data-id=\"9ede14e\" data-element_type=\"container\" data-e-type=\"container\">\n\t\t<div class=\"elementor-element elementor-element-46d953f e-con-full e-flex e-con e-child\" data-id=\"46d953f\" data-element_type=\"container\" data-e-type=\"container\">\n\t\t\t\t<div class=\"elementor-element elementor-element-15b4406 elementor-widget elementor-widget-heading\" data-id=\"15b4406\" data-element_type=\"widget\" data-e-type=\"widget\" data-widget_type=\"heading.default\">\n\t\t\t\t\t<h2 class=\"elementor-heading-title elementor-size-default\">Qu\u00e9 obtienes con Folk Fest Buscador<\/h2>\t\t\t\t<\/div>\n\t\t\t\t<div class=\"elementor-element elementor-element-5917b74 elementor-widget__width-initial elementor-widget elementor-widget-text-editor\" data-id=\"5917b74\" data-element_type=\"widget\" data-e-type=\"widget\" data-widget_type=\"text-editor.default\">\n\t\t\t\t\t\t\t\t\t<ul><li>Acceso a m\u00e1s de 500 festivales internacionales de folclore verificados<\/li><li>Emparejamiento personalizado de festivales seg\u00fan el nivel, estilo y calendario de tu grupo<\/li><li>Orientaci\u00f3n durante el proceso de selecci\u00f3n, solicitud y participaci\u00f3n<\/li><li>Apoyo para entender los requisitos y mejorar las solicitudes<\/li><li>Coordinaci\u00f3n con organizadores de festivales cuando sea necesario<\/li><li>Acceso a oportunidades internas y de \u00faltima hora<\/li><li>Aprendizaje basado en experiencias reales de otros grupos internacionales<\/li><li>Sistema de verificaci\u00f3n confiable \u2014 solo listamos festivales comprobados y conocidos<\/li><\/ul>\t\t\t\t\t\t\t\t<\/div>\n\t\t\t\t<\/div>\n\t\t<div class=\"elementor-element elementor-element-ea61da6 e-con-full e-flex e-con e-child\" data-id=\"ea61da6\" data-element_type=\"container\" data-e-type=\"container\">\n\t\t\t\t<div class=\"elementor-element elementor-element-f763bba elementor-widget__width-initial elementor-widget elementor-widget-text-editor\" data-id=\"f763bba\" data-element_type=\"widget\" data-e-type=\"widget\" data-widget_type=\"text-editor.default\">\n\t\t\t\t\t\t\t\t\t<p>Folk Fest Buscador es m\u00e1s que una plataforma \u2014 es un sistema de inteligencia de festivales + consultor\u00eda + red internacional curada para grupos de danza folcl\u00f3rica.<\/p>\t\t\t\t\t\t\t\t<\/div>\n\t\t\t\t<\/div>\n\t\t\t\t<\/div>\n\t\t\t\t\t<\/div>\n\t\t\t\t<\/div>\n\t\t<div class=\"elementor-element elementor-element-34bc67f e-flex e-con-boxed e-con e-parent\" data-id=\"34bc67f\" data-element_type=\"container\" data-e-type=\"container\">\n\t\t\t\t\t<div class=\"e-con-inner\">\n\t\t\t\t<div class=\"elementor-element elementor-element-6c3b377 elementor-widget__width-inherit eael-pricing-content-align-center eael-pricing-button-align-center elementor-widget elementor-widget-eael-pricing-table\" data-id=\"6c3b377\" data-element_type=\"widget\" data-e-type=\"widget\" data-widget_type=\"eael-pricing-table.default\">\n\t\t\t\t\t    <div class=\"eael-pricing style-1 eael-header-devider\">\n                    <div class=\"eael-pricing-item \">\n                <div class=\"header\">\n                    <h2 class=\"title\">3 meses <\/h2>\n                <\/div>\n                <div class=\"eael-pricing-tag\">\n                    <span class=\"price-tag\"><span class=\"original-price\">49.90<span class=\"price-currency\">$<\/span>\n                    <\/span><\/span><span class=\"price-period\"><\/span>                <\/div>\n                <div class=\"body\">\n                            <ul>\n                            <li class=\"eael-pricing-item-feature elementor-repeater-item-a847314\">\n                    \n                                <span class=\"li-icon\">\n                            <\/span>\n\n        \n                    <span ><i>Ideal para quienes buscan una oportunidad puntual<\/i><\/span>\n                    \n                     \n                <\/li>\n                            <li class=\"eael-pricing-item-feature elementor-repeater-item-c08c7ba\">\n                    \n                                <span class=\"li-icon\">\n                <svg aria-hidden=\"true\" class=\"e-font-icon-svg e-fas-check\" viewBox=\"0 0 512 512\" xmlns=\"http:\/\/www.w3.org\/2000\/svg\"><path d=\"M173.898 439.404l-166.4-166.4c-9.997-9.997-9.997-26.206 0-36.204l36.203-36.204c9.997-9.998 26.207-9.998 36.204 0L192 312.69 432.095 72.596c9.997-9.997 26.207-9.997 36.204 0l36.203 36.204c9.997 9.997 9.997 26.206 0 36.204l-294.4 294.401c-9.998 9.997-26.207 9.997-36.204-.001z\"><\/path><\/svg>            <\/span>\n\n        \n                    <span >Acceso completo a nuestra base de datos de festivales verificados<\/span>\n                    \n                     \n                <\/li>\n                            <li class=\"eael-pricing-item-feature elementor-repeater-item-2bea994\">\n                    \n                                <span class=\"li-icon\">\n                <svg aria-hidden=\"true\" class=\"e-font-icon-svg e-fas-check\" viewBox=\"0 0 512 512\" xmlns=\"http:\/\/www.w3.org\/2000\/svg\"><path d=\"M173.898 439.404l-166.4-166.4c-9.997-9.997-9.997-26.206 0-36.204l36.203-36.204c9.997-9.998 26.207-9.998 36.204 0L192 312.69 432.095 72.596c9.997-9.997 26.207-9.997 36.204 0l36.203 36.204c9.997 9.997 9.997 26.206 0 36.204l-294.4 294.401c-9.998 9.997-26.207 9.997-36.204-.001z\"><\/path><\/svg>            <\/span>\n\n        \n                    <span >Bolet\u00edn con noticias, consejos y orientaci\u00f3n b\u00e1sica<\/span>\n                    \n                     \n                <\/li>\n                            <li class=\"eael-pricing-item-feature elementor-repeater-item-db1a8b2\">\n                    \n                                <span class=\"li-icon\">\n                <svg aria-hidden=\"true\" class=\"e-font-icon-svg e-fas-check\" viewBox=\"0 0 512 512\" xmlns=\"http:\/\/www.w3.org\/2000\/svg\"><path d=\"M173.898 439.404l-166.4-166.4c-9.997-9.997-9.997-26.206 0-36.204l36.203-36.204c9.997-9.998 26.207-9.998 36.204 0L192 312.69 432.095 72.596c9.997-9.997 26.207-9.997 36.204 0l36.203 36.204c9.997 9.997 9.997 26.206 0 36.204l-294.4 294.401c-9.998 9.997-26.207 9.997-36.204-.001z\"><\/path><\/svg>            <\/span>\n\n        \n                    <span >Acceso a nuestro grupo comunitario de WhatsApp<\/span>\n                    \n                     \n                <\/li>\n                            <li class=\"eael-pricing-item-feature elementor-repeater-item-a3ffa5e\">\n                    \n                                <span class=\"li-icon\">\n                            <\/span>\n\n        \n                    <span ><strong>Perfecto para la primera participaci\u00f3n internacional o planificaci\u00f3n a corto plazo<\/strong><\/span>\n                    \n                     \n                <\/li>\n                    <\/ul>\n                    <\/div>\n                                <div class=\"footer\">\n                    <a class=\"eael-pricing-button\" href=\"https:\/\/folkfestbuscador.com\/es\/producto\/acceso-completo-durante-90-dias\/\" >\n                                                                                Empezar                                            <\/a>\n                <\/div>\n                            <\/div>\n                    <\/div>\n    \t\t\t\t<\/div>\n\t\t\t\t<div class=\"elementor-element elementor-element-5837132 elementor-widget__width-inherit eael-pricing-content-align-center eael-pricing-button-align-center elementor-widget elementor-widget-eael-pricing-table\" data-id=\"5837132\" data-element_type=\"widget\" data-e-type=\"widget\" data-widget_type=\"eael-pricing-table.default\">\n\t\t\t\t\t    <div class=\"eael-pricing style-1 eael-header-devider\">\n                    <div class=\"eael-pricing-item \">\n                <div class=\"header\">\n                    <h2 class=\"title\">6 meses <\/h2>\n                <\/div>\n                <div class=\"eael-pricing-tag\">\n                    <span class=\"price-tag\"><span class=\"original-price\">89.90<span class=\"price-currency\">$<\/span>\n                    <\/span><\/span><span class=\"price-period\"><\/span>                <\/div>\n                <div class=\"body\">\n                            <ul>\n                            <li class=\"eael-pricing-item-feature elementor-repeater-item-c08c7ba\">\n                    \n                                <span class=\"li-icon\">\n                            <\/span>\n\n        \n                    <span ><i>Ideal para la planificaci\u00f3n de tours culturales a medio plazo<\/i><\/span>\n                    \n                     \n                <\/li>\n                            <li class=\"eael-pricing-item-feature elementor-repeater-item-2bea994\">\n                    \n                                <span class=\"li-icon\">\n                <svg aria-hidden=\"true\" class=\"e-font-icon-svg e-fas-check\" viewBox=\"0 0 512 512\" xmlns=\"http:\/\/www.w3.org\/2000\/svg\"><path d=\"M173.898 439.404l-166.4-166.4c-9.997-9.997-9.997-26.206 0-36.204l36.203-36.204c9.997-9.998 26.207-9.998 36.204 0L192 312.69 432.095 72.596c9.997-9.997 26.207-9.997 36.204 0l36.203 36.204c9.997 9.997 9.997 26.206 0 36.204l-294.4 294.401c-9.998 9.997-26.207 9.997-36.204-.001z\"><\/path><\/svg>            <\/span>\n\n        \n                    <span >Todo lo incluido en el plan de 3 meses<\/span>\n                    \n                     \n                <\/li>\n                            <li class=\"eael-pricing-item-feature elementor-repeater-item-db1a8b2\">\n                    \n                                <span class=\"li-icon\">\n                <svg aria-hidden=\"true\" class=\"e-font-icon-svg e-fas-check\" viewBox=\"0 0 512 512\" xmlns=\"http:\/\/www.w3.org\/2000\/svg\"><path d=\"M173.898 439.404l-166.4-166.4c-9.997-9.997-9.997-26.206 0-36.204l36.203-36.204c9.997-9.998 26.207-9.998 36.204 0L192 312.69 432.095 72.596c9.997-9.997 26.207-9.997 36.204 0l36.203 36.204c9.997 9.997 9.997 26.206 0 36.204l-294.4 294.401c-9.998 9.997-26.207 9.997-36.204-.001z\"><\/path><\/svg>            <\/span>\n\n        \n                    <span >Consulta individual conmigo para orientaci\u00f3n personalizada sobre festivales y planificaci\u00f3n de viajes<\/span>\n                    \n                     \n                <\/li>\n                            <li class=\"eael-pricing-item-feature elementor-repeater-item-a3ffa5e\">\n                    \n                                <span class=\"li-icon\">\n                <svg aria-hidden=\"true\" class=\"e-font-icon-svg e-fas-check\" viewBox=\"0 0 512 512\" xmlns=\"http:\/\/www.w3.org\/2000\/svg\"><path d=\"M173.898 439.404l-166.4-166.4c-9.997-9.997-9.997-26.206 0-36.204l36.203-36.204c9.997-9.998 26.207-9.998 36.204 0L192 312.69 432.095 72.596c9.997-9.997 26.207-9.997 36.204 0l36.203 36.204c9.997 9.997 9.997 26.206 0 36.204l-294.4 294.401c-9.998 9.997-26.207 9.997-36.204-.001z\"><\/path><\/svg>            <\/span>\n\n        \n                    <span >Sugerencias de rutas culturales combinadas<\/span>\n                    \n                     \n                <\/li>\n                            <li class=\"eael-pricing-item-feature elementor-repeater-item-458ce8d\">\n                    \n                                <span class=\"li-icon\">\n                            <\/span>\n\n        \n                    <span ><strong>Dise\u00f1ado para grupos que planean m\u00faltiples festivales o giras m\u00e1s largas<\/strong><\/span>\n                    \n                     \n                <\/li>\n                    <\/ul>\n                    <\/div>\n                                <div class=\"footer\">\n                    <a class=\"eael-pricing-button\" href=\"https:\/\/folkfestbuscador.com\/es\/producto\/acceso-completo-durante-180-dias\/\" >\n                                                                                Empezar                                            <\/a>\n                <\/div>\n                            <\/div>\n                    <\/div>\n    \t\t\t\t<\/div>\n\t\t\t\t<div class=\"elementor-element elementor-element-8cd2f77 elementor-widget__width-inherit eael-pricing-content-align-center eael-pricing-button-align-center elementor-widget elementor-widget-eael-pricing-table\" data-id=\"8cd2f77\" data-element_type=\"widget\" data-e-type=\"widget\" data-widget_type=\"eael-pricing-table.default\">\n\t\t\t\t\t    <div class=\"eael-pricing style-1 eael-header-devider\" style=\"overflow: hidden;\">\n                    <div class=\"eael-pricing-item featured ribbon-4\">\n                <div class=\"header\">\n                    <h2 class=\"title\">12 meses <\/h2>\n                <\/div>\n                <div class=\"eael-pricing-tag\">\n                    <span class=\"price-tag\"><span class=\"original-price\">149.90<span class=\"price-currency\">$<\/span>\n                    <\/span><\/span><span class=\"price-period\"><\/span>                <\/div>\n                <div class=\"body\">\n                            <ul>\n                            <li class=\"eael-pricing-item-feature elementor-repeater-item-efce722\">\n                    \n                                <span class=\"li-icon\">\n                            <\/span>\n\n        \n                    <span ><i>Ideal para grupos que desean acceso continuo durante todo el a\u00f1o<\/i><\/span>\n                    \n                     \n                <\/li>\n                            <li class=\"eael-pricing-item-feature elementor-repeater-item-c08c7ba\">\n                    \n                                <span class=\"li-icon\">\n                <svg aria-hidden=\"true\" class=\"e-font-icon-svg e-fas-check\" viewBox=\"0 0 512 512\" xmlns=\"http:\/\/www.w3.org\/2000\/svg\"><path d=\"M173.898 439.404l-166.4-166.4c-9.997-9.997-9.997-26.206 0-36.204l36.203-36.204c9.997-9.998 26.207-9.998 36.204 0L192 312.69 432.095 72.596c9.997-9.997 26.207-9.997 36.204 0l36.203 36.204c9.997 9.997 9.997 26.206 0 36.204l-294.4 294.401c-9.998 9.997-26.207 9.997-36.204-.001z\"><\/path><\/svg>            <\/span>\n\n        \n                    <span >Todo lo incluido en el plan de 6 meses<\/span>\n                    \n                     \n                <\/li>\n                            <li class=\"eael-pricing-item-feature elementor-repeater-item-2bea994\">\n                    \n                                <span class=\"li-icon\">\n                <svg aria-hidden=\"true\" class=\"e-font-icon-svg e-fas-check\" viewBox=\"0 0 512 512\" xmlns=\"http:\/\/www.w3.org\/2000\/svg\"><path d=\"M173.898 439.404l-166.4-166.4c-9.997-9.997-9.997-26.206 0-36.204l36.203-36.204c9.997-9.998 26.207-9.998 36.204 0L192 312.69 432.095 72.596c9.997-9.997 26.207-9.997 36.204 0l36.203 36.204c9.997 9.997 9.997 26.206 0 36.204l-294.4 294.401c-9.998 9.997-26.207 9.997-36.204-.001z\"><\/path><\/svg>            <\/span>\n\n        \n                    <span >Soporte prioritario y respuestas m\u00e1s r\u00e1pidas<\/span>\n                    \n                     \n                <\/li>\n                            <li class=\"eael-pricing-item-feature elementor-repeater-item-db1a8b2\">\n                    \n                                <span class=\"li-icon\">\n                <svg aria-hidden=\"true\" class=\"e-font-icon-svg e-fas-check\" viewBox=\"0 0 512 512\" xmlns=\"http:\/\/www.w3.org\/2000\/svg\"><path d=\"M173.898 439.404l-166.4-166.4c-9.997-9.997-9.997-26.206 0-36.204l36.203-36.204c9.997-9.998 26.207-9.998 36.204 0L192 312.69 432.095 72.596c9.997-9.997 26.207-9.997 36.204 0l36.203 36.204c9.997 9.997 9.997 26.206 0 36.204l-294.4 294.401c-9.998 9.997-26.207 9.997-36.204-.001z\"><\/path><\/svg>            <\/span>\n\n        \n                    <span >Consultas directas y continuas conmigo para planificaci\u00f3n a largo plazo y estrategias para tu conjunto<\/span>\n                    \n                     \n                <\/li>\n                            <li class=\"eael-pricing-item-feature elementor-repeater-item-a3ffa5e\">\n                    \n                                <span class=\"li-icon\">\n                <svg aria-hidden=\"true\" class=\"e-font-icon-svg e-fas-check\" viewBox=\"0 0 512 512\" xmlns=\"http:\/\/www.w3.org\/2000\/svg\"><path d=\"M173.898 439.404l-166.4-166.4c-9.997-9.997-9.997-26.206 0-36.204l36.203-36.204c9.997-9.998 26.207-9.998 36.204 0L192 312.69 432.095 72.596c9.997-9.997 26.207-9.997 36.204 0l36.203 36.204c9.997 9.997 9.997 26.206 0 36.204l-294.4 294.401c-9.998 9.997-26.207 9.997-36.204-.001z\"><\/path><\/svg>            <\/span>\n\n        \n                    <span >Acceso completo a recursos avanzados y novedades de festivales antes de que se hagan p\u00fablicas<\/span>\n                    \n                     \n                <\/li>\n                            <li class=\"eael-pricing-item-feature elementor-repeater-item-515a86d\">\n                    \n                                <span class=\"li-icon\">\n                            <\/span>\n\n        \n                    <span ><strong>Perfecto para grupos que buscan orientaci\u00f3n continua y m\u00e1xima flexibilidad<\/strong><\/span>\n                    \n                     \n                <\/li>\n                    <\/ul>\n                    <\/div>\n                                <div class=\"footer\">\n                    <a class=\"eael-pricing-button\" href=\"https:\/\/folkfestbuscador.com\/es\/producto\/acceso-completo-durante-365-dias\/\" >\n                                                                                Empezar                                            <\/a>\n                <\/div>\n                            <\/div>\n                    <\/div>\n    \t\t\t\t<\/div>\n\t\t\t\t\t<\/div>\n\t\t\t\t<\/div>\n\t\t<div class=\"elementor-element elementor-element-4454e20 e-flex e-con-boxed e-con e-parent\" data-id=\"4454e20\" data-element_type=\"container\" data-e-type=\"container\">\n\t\t\t\t\t<div class=\"e-con-inner\">\n\t\t\t\t\t<\/div>\n\t\t\t\t<\/div>\n\t\t\t\t<\/div>\n\t\t","protected":false},"excerpt":{"rendered":"<p>Paquetes Qu\u00e9 obtienes con Folk Fest Buscador Acceso a m\u00e1s de 500 festivales internacionales de folclore verificados Emparejamiento personalizado de festivales seg\u00fan el nivel, estilo y calendario de tu grupo Orientaci\u00f3n durante el proceso de selecci\u00f3n, solicitud y participaci\u00f3n Apoyo para entender los requisitos y mejorar las solicitudes Coordinaci\u00f3n con organizadores de festivales cuando sea [&hellip;]<\/p>\n","protected":false},"author":1,"featured_media":0,"parent":0,"menu_order":0,"comment_status":"closed","ping_status":"closed","template":"","meta":{"footnotes":""},"class_list":["post-1180","page","type-page","status-publish","hentry"],"acf":[],"_links":{"self":[{"href":"https:\/\/folkfestbuscador.com\/es\/wp-json\/wp\/v2\/pages\/1180","targetHints":{"allow":["GET"]}}],"collection":[{"href":"https:\/\/folkfestbuscador.com\/es\/wp-json\/wp\/v2\/pages"}],"about":[{"href":"https:\/\/folkfestbuscador.com\/es\/wp-json\/wp\/v2\/types\/page"}],"author":[{"embeddable":true,"href":"https:\/\/folkfestbuscador.com\/es\/wp-json\/wp\/v2\/users\/1"}],"replies":[{"embeddable":true,"href":"https:\/\/folkfestbuscador.com\/es\/wp-json\/wp\/v2\/comments?post=1180"}],"version-history":[{"count":5,"href":"https:\/\/folkfestbuscador.com\/es\/wp-json\/wp\/v2\/pages\/1180\/revisions"}],"predecessor-version":[{"id":1500,"href":"https:\/\/folkfestbuscador.com\/es\/wp-json\/wp\/v2\/pages\/1180\/revisions\/1500"}],"wp:attachment":[{"href":"https:\/\/folkfestbuscador.com\/es\/wp-json\/wp\/v2\/media?parent=1180"}],"curies":[{"name":"wp","href":"https:\/\/api.w.org\/{rel}","templated":true}]}}