{"id":542,"date":"2025-09-09T09:01:12","date_gmt":"2025-09-09T09:01:12","guid":{"rendered":"http:\/\/folk.com\/?page_id=542"},"modified":"2026-04-16T10:37:17","modified_gmt":"2026-04-16T10:37:17","slug":"sobre-mi","status":"publish","type":"page","link":"https:\/\/folkfestbuscador.com\/es\/sobre-mi\/","title":{"rendered":"Sobre M\u00ed"},"content":{"rendered":"\t\t<div data-elementor-type=\"wp-page\" data-elementor-id=\"542\" class=\"elementor elementor-542 elementor-220\">\n\t\t\t\t<div class=\"elementor-element elementor-element-4b72980a e-con-full e-flex e-con e-parent\" data-id=\"4b72980a\" data-element_type=\"container\" data-e-type=\"container\" data-settings=\"{&quot;background_background&quot;:&quot;classic&quot;}\">\n\t\t<div class=\"elementor-element elementor-element-884622c e-con-full e-flex e-con e-child\" data-id=\"884622c\" data-element_type=\"container\" data-e-type=\"container\">\n\t\t\t\t<\/div>\n\t\t<div class=\"elementor-element elementor-element-1449fea1 e-con-full e-flex e-con e-child\" data-id=\"1449fea1\" data-element_type=\"container\" data-e-type=\"container\">\n\t\t\t\t<div class=\"elementor-element elementor-element-1e68a77d elementor-widget elementor-widget-heading\" data-id=\"1e68a77d\" data-element_type=\"widget\" data-e-type=\"widget\" data-widget_type=\"heading.default\">\n\t\t\t\t\t<h1 class=\"elementor-heading-title elementor-size-default\">Sobre M\u00ed<\/h1>\t\t\t\t<\/div>\n\t\t\t\t<div class=\"elementor-element elementor-element-18d989f5 elementor-widget elementor-widget-text-editor\" data-id=\"18d989f5\" data-element_type=\"widget\" data-e-type=\"widget\" data-widget_type=\"text-editor.default\">\n\t\t\t\t\t\t\t\t\t<p data-pm-slice=\"1 1 []\">Hola, soy Nina, fundadora de Folk Fest Buscador y una apasionada promotora de la cultura tradicional y del intercambio cultural internacional.<\/p><p>Soy miembro de la IOV (Organizaci\u00f3n Internacional de Arte Popular), del CID \u2013 Consejo Internacional de la Danza, y de CIOFF (Consejo Internacional de Organizaciones de Festivales de Folklore y Artes Tradicionales). Adem\u00e1s, soy Festifolk World presidente para Balcanes.<\/p>\t\t\t\t\t\t\t\t<\/div>\n\t\t\t\t<\/div>\n\t\t\t\t<\/div>\n\t\t<div class=\"elementor-element elementor-element-27b368a e-con-full e-flex e-con e-parent\" data-id=\"27b368a\" data-element_type=\"container\" data-e-type=\"container\" data-settings=\"{&quot;background_background&quot;:&quot;classic&quot;}\">\n\t\t<div class=\"elementor-element elementor-element-3f16fb9e e-con-full e-flex e-con e-child\" data-id=\"3f16fb9e\" data-element_type=\"container\" data-e-type=\"container\">\n\t\t\t\t<div class=\"elementor-element elementor-element-12275d21 elementor-widget elementor-widget-heading\" data-id=\"12275d21\" data-element_type=\"widget\" data-e-type=\"widget\" data-widget_type=\"heading.default\">\n\t\t\t\t\t<h2 class=\"elementor-heading-title elementor-size-default\">Mi camino en el folclore<\/h2>\t\t\t\t<\/div>\n\t\t\t\t<div class=\"elementor-element elementor-element-7e68cf86 elementor-widget elementor-widget-text-editor\" data-id=\"7e68cf86\" data-element_type=\"widget\" data-e-type=\"widget\" data-widget_type=\"text-editor.default\">\n\t\t\t\t\t\t\t\t\t<p data-start=\"0\" data-end=\"294\">Mi camino en el folklore comenz\u00f3 a los seis a\u00f1os, como bailarina sobre el escenario. Con el paso del tiempo, ese camino evolucion\u00f3 hacia el trabajo detr\u00e1s de escena: coordinando, organizando y apoyando giras internacionales de folklore y la participaci\u00f3n en festivales durante m\u00e1s de 20 a\u00f1os.<\/p><p data-start=\"296\" data-end=\"655\" data-is-last-node=\"\" data-is-only-node=\"\">Haber sido int\u00e9rprete me brinda una perspectiva \u00fanica: entiendo tanto el lado art\u00edstico como los desaf\u00edos pr\u00e1cticos que enfrentan los grupos al viajar al extranjero. Esta experiencia me permite identificar qu\u00e9 funciona realmente, qu\u00e9 conviene evitar y c\u00f3mo conectar a cada grupo con los festivales que mejor se ajustan a su perfil, expectativas y capacidades.<\/p>\t\t\t\t\t\t\t\t<\/div>\n\t\t\t\t<\/div>\n\t\t<div class=\"elementor-element elementor-element-1246b4fb e-con-full e-flex e-con e-child\" data-id=\"1246b4fb\" data-element_type=\"container\" data-e-type=\"container\">\n\t\t\t\t<div class=\"elementor-element elementor-element-1d4756e5 elementor-widget elementor-widget-image\" data-id=\"1d4756e5\" data-element_type=\"widget\" data-e-type=\"widget\" data-widget_type=\"image.default\">\n\t\t\t\t\t\t\t\t\t\t\t\t\t\t\t<img fetchpriority=\"high\" decoding=\"async\" width=\"1024\" height=\"724\" src=\"https:\/\/folkfestbuscador.com\/wp-content\/uploads\/2026\/03\/Journey-Simonida-Kis-Folk-Fest-Buscador-1024x724.png\" class=\"attachment-large size-large wp-image-1288\" alt=\"Folk dance professional with over 20 years of experience working with international folklore groups and festivals\" srcset=\"https:\/\/folkfestbuscador.com\/wp-content\/uploads\/2026\/03\/Journey-Simonida-Kis-Folk-Fest-Buscador-1024x724.png 1024w, https:\/\/folkfestbuscador.com\/wp-content\/uploads\/2026\/03\/Journey-Simonida-Kis-Folk-Fest-Buscador-300x212.png 300w, https:\/\/folkfestbuscador.com\/wp-content\/uploads\/2026\/03\/Journey-Simonida-Kis-Folk-Fest-Buscador-768x543.png 768w, https:\/\/folkfestbuscador.com\/wp-content\/uploads\/2026\/03\/Journey-Simonida-Kis-Folk-Fest-Buscador-1536x1086.png 1536w, https:\/\/folkfestbuscador.com\/wp-content\/uploads\/2026\/03\/Journey-Simonida-Kis-Folk-Fest-Buscador-600x424.png 600w, https:\/\/folkfestbuscador.com\/wp-content\/uploads\/2026\/03\/Journey-Simonida-Kis-Folk-Fest-Buscador.png 2000w\" sizes=\"(max-width: 1024px) 100vw, 1024px\" \/>\t\t\t\t\t\t\t\t\t\t\t\t\t\t\t<\/div>\n\t\t\t\t<\/div>\n\t\t\t\t<\/div>\n\t\t<div class=\"elementor-element elementor-element-35b61d1a e-con-full e-flex e-con e-parent\" data-id=\"35b61d1a\" data-element_type=\"container\" data-e-type=\"container\" data-settings=\"{&quot;background_background&quot;:&quot;classic&quot;}\">\n\t\t<div class=\"elementor-element elementor-element-7b550897 e-con-full e-flex e-con e-child\" data-id=\"7b550897\" data-element_type=\"container\" data-e-type=\"container\">\n\t\t\t\t<div class=\"elementor-element elementor-element-3a0aa28e elementor-widget elementor-widget-heading\" data-id=\"3a0aa28e\" data-element_type=\"widget\" data-e-type=\"widget\" data-widget_type=\"heading.default\">\n\t\t\t\t\t<h2 class=\"elementor-heading-title elementor-size-default\">Qu\u00e9 hago<\/h2>\t\t\t\t<\/div>\n\t\t\t\t<div class=\"elementor-element elementor-element-c408895 elementor-widget elementor-widget-text-editor\" data-id=\"c408895\" data-element_type=\"widget\" data-e-type=\"widget\" data-widget_type=\"text-editor.default\">\n\t\t\t\t\t\t\t\t\t<p data-start=\"16\" data-end=\"125\">Folk Fest Buscador es una plataforma que conecta grupos de danza folkl\u00f3rica con festivales internacionales.<\/p><p data-start=\"127\" data-end=\"183\">Seg\u00fan las necesidades de cada grupo, puedo ayudarte a:<\/p><ul><li data-section-id=\"ganck\" data-start=\"185\" data-end=\"249\">Identificar festivales adecuados seg\u00fan el perfil de tu grupo<\/li><li data-section-id=\"wawkyn\" data-start=\"250\" data-end=\"315\">Entender qu\u00e9 festivales son realmente relevantes para ustedes<\/li><li data-section-id=\"15srhru\" data-start=\"316\" data-end=\"359\">Conocer los requisitos de participaci\u00f3n<\/li><li data-section-id=\"99f1xa\" data-start=\"360\" data-end=\"430\">Verificar que tu solicitud est\u00e9 completa y correctamente preparada<\/li><li data-section-id=\"tknu18\" data-start=\"431\" data-end=\"499\">Acceder a oportunidades de festivales verificadas y actualizadas<\/li><li data-section-id=\"2mw19n\" data-start=\"500\" data-end=\"565\">Acompa\u00f1arte durante todo el proceso de aplicaci\u00f3n y selecci\u00f3n<\/li><li data-section-id=\"1n9nq7d\" data-start=\"566\" data-end=\"635\">Coordinar la comunicaci\u00f3n con los organizadores de los festivales<\/li><li data-section-id=\"vhvr43\" data-start=\"636\" data-end=\"714\">Asistir con la planificaci\u00f3n del viaje y la log\u00edstica cuando sea necesario<\/li><\/ul><p>En lugar de perder tiempo buscando informaci\u00f3n dispersa, correos poco claros y respuestas inciertas, tendr\u00e1s un \u00fanico punto de contacto y un proceso guiado de principio a fin. Me mantengo involucrada durante toda la comunicaci\u00f3n con los festivales, para evitar malentendidos, detalles omitidos y comunicaciones innecesarias de ida y vuelta.<\/p>\t\t\t\t\t\t\t\t<\/div>\n\t\t\t\t<\/div>\n\t\t<div class=\"elementor-element elementor-element-206f2724 e-con-full e-flex e-con e-child\" data-id=\"206f2724\" data-element_type=\"container\" data-e-type=\"container\">\n\t\t\t\t<div class=\"elementor-element elementor-element-3a3ecc92 elementor-widget elementor-widget-image\" data-id=\"3a3ecc92\" data-element_type=\"widget\" data-e-type=\"widget\" data-widget_type=\"image.default\">\n\t\t\t\t\t\t\t\t\t\t\t\t\t\t\t<img decoding=\"async\" width=\"768\" height=\"1024\" src=\"https:\/\/folkfestbuscador.com\/wp-content\/uploads\/2026\/04\/Nina-2-768x1024.jpg\" class=\"attachment-large size-large wp-image-1460\" alt=\"\" srcset=\"https:\/\/folkfestbuscador.com\/wp-content\/uploads\/2026\/04\/Nina-2-768x1024.jpg 768w, https:\/\/folkfestbuscador.com\/wp-content\/uploads\/2026\/04\/Nina-2-225x300.jpg 225w, https:\/\/folkfestbuscador.com\/wp-content\/uploads\/2026\/04\/Nina-2-600x800.jpg 600w, https:\/\/folkfestbuscador.com\/wp-content\/uploads\/2026\/04\/Nina-2.jpg 960w\" sizes=\"(max-width: 768px) 100vw, 768px\" \/>\t\t\t\t\t\t\t\t\t\t\t\t\t\t\t<\/div>\n\t\t\t\t<\/div>\n\t\t\t\t<\/div>\n\t\t<footer class=\"elementor-element elementor-element-6f03fefe e-con-full e-flex e-con e-parent\" data-id=\"6f03fefe\" data-element_type=\"container\" data-e-type=\"container\" data-settings=\"{&quot;background_background&quot;:&quot;classic&quot;}\">\n\t\t<div class=\"elementor-element elementor-element-fa32c42 e-flex e-con-boxed e-con e-child\" data-id=\"fa32c42\" data-element_type=\"container\" data-e-type=\"container\" data-settings=\"{&quot;background_background&quot;:&quot;classic&quot;}\">\n\t\t\t\t\t<div class=\"e-con-inner\">\n\t\t<div class=\"elementor-element elementor-element-25db1b7 e-flex e-con-boxed e-con e-child\" data-id=\"25db1b7\" data-element_type=\"container\" data-e-type=\"container\">\n\t\t\t\t\t<div class=\"e-con-inner\">\n\t\t\t\t<div class=\"elementor-element elementor-element-914e10b elementor-widget elementor-widget-text-editor\" data-id=\"914e10b\" data-element_type=\"widget\" data-e-type=\"widget\" data-widget_type=\"text-editor.default\">\n\t\t\t\t\t\t\t\t\t<p>Mi rol no es solo encontrar festivales, sino tambi\u00e9n proteger a los grupos de malas experiencias y guiarlos hacia participaciones internacionales seguras y bien organizadas.<\/p>\t\t\t\t\t\t\t\t<\/div>\n\t\t\t\t\t<\/div>\n\t\t\t\t<\/div>\n\t\t\t\t\t<\/div>\n\t\t\t\t<\/div>\n\t\t\t\t<\/footer>\n\t\t<div class=\"elementor-element elementor-element-76162e46 e-con-full e-flex e-con e-parent\" data-id=\"76162e46\" data-element_type=\"container\" data-e-type=\"container\" data-settings=\"{&quot;background_background&quot;:&quot;classic&quot;}\">\n\t\t<div class=\"elementor-element elementor-element-21292790 e-con-full e-flex e-con e-child\" data-id=\"21292790\" data-element_type=\"container\" data-e-type=\"container\">\n\t\t\t\t<div class=\"elementor-element elementor-element-298205c9 elementor-widget elementor-widget-heading\" data-id=\"298205c9\" data-element_type=\"widget\" data-e-type=\"widget\" data-widget_type=\"heading.default\">\n\t\t\t\t\t<h2 class=\"elementor-heading-title elementor-size-default\">C\u00f3mo funciona<\/h2>\t\t\t\t<\/div>\n\t\t\t\t<div class=\"elementor-element elementor-element-6fbf99cb elementor-widget elementor-widget-text-editor\" data-id=\"6fbf99cb\" data-element_type=\"widget\" data-e-type=\"widget\" data-widget_type=\"text-editor.default\">\n\t\t\t\t\t\t\t\t\t<p data-start=\"21\" data-end=\"211\">Folk Fest Buscador re\u00fane convocatorias verificadas, informaci\u00f3n clave sobre festivales, orientaci\u00f3n pr\u00e1ctica para la participaci\u00f3n y rutas culturales seleccionadas \u2014 todo en un solo lugar.<\/p><ul data-start=\"213\" data-end=\"940\"><li data-section-id=\"f1s64\" data-start=\"213\" data-end=\"279\">Los grupos crean un perfil en la plataforma Folk Fest Buscador<\/li><li data-section-id=\"1jcxtvh\" data-start=\"280\" data-end=\"346\">Exploran oportunidades de festivales disponibles y verificadas<\/li><li data-section-id=\"y6tmpp\" data-start=\"347\" data-end=\"420\">Seleccionan los festivales que se ajustan a sus intereses y objetivos<\/li><li data-section-id=\"wjjuyo\" data-start=\"421\" data-end=\"620\">En base al perfil y la experiencia del grupo, proporciono una evaluaci\u00f3n sobre su idoneidad y posibilidades para cada festival seleccionado, junto con recomendaciones para fortalecer su solicitud<\/li><li data-section-id=\"xqz9hm\" data-start=\"621\" data-end=\"700\">Acompa\u00f1o en el proceso de aplicaci\u00f3n y en el cumplimiento de los requisitos<\/li><li data-section-id=\"2ud3z2\" data-start=\"701\" data-end=\"794\">La comunicaci\u00f3n con los organizadores puede ser apoyada y coordinada cuando sea necesario<\/li><li data-section-id=\"5s5ask\" data-start=\"795\" data-end=\"940\">Para los grupos que prefieren un enfoque m\u00e1s guiado, puedo involucrarme durante todo el proceso \u2014 desde la preparaci\u00f3n hasta la participaci\u00f3n<\/li><\/ul><p data-start=\"942\" data-end=\"1182\" data-is-last-node=\"\" data-is-only-node=\"\">Este proceso les permite comprender mejor sus opciones, fortalecer su candidatura y avanzar en cada etapa con claridad y expectativas realistas, teniendo en cuenta que la selecci\u00f3n final siempre corresponde a los organizadores del festival.<\/p>\t\t\t\t\t\t\t\t<\/div>\n\t\t\t\t<\/div>\n\t\t<div class=\"elementor-element elementor-element-24c8ba32 e-con-full e-flex e-con e-child\" data-id=\"24c8ba32\" data-element_type=\"container\" data-e-type=\"container\">\n\t\t\t\t<div class=\"elementor-element elementor-element-509b61cc elementor-widget elementor-widget-image\" data-id=\"509b61cc\" data-element_type=\"widget\" data-e-type=\"widget\" data-widget_type=\"image.default\">\n\t\t\t\t\t\t\t\t\t\t\t\t\t\t\t<img decoding=\"async\" width=\"1024\" height=\"683\" src=\"https:\/\/folkfestbuscador.com\/wp-content\/uploads\/2026\/04\/Virtual-meeting-and-desk-work-with-FFB-1024x683.png\" class=\"attachment-large size-large wp-image-1461\" alt=\"\" srcset=\"https:\/\/folkfestbuscador.com\/wp-content\/uploads\/2026\/04\/Virtual-meeting-and-desk-work-with-FFB-1024x683.png 1024w, https:\/\/folkfestbuscador.com\/wp-content\/uploads\/2026\/04\/Virtual-meeting-and-desk-work-with-FFB-300x200.png 300w, https:\/\/folkfestbuscador.com\/wp-content\/uploads\/2026\/04\/Virtual-meeting-and-desk-work-with-FFB-768x512.png 768w, https:\/\/folkfestbuscador.com\/wp-content\/uploads\/2026\/04\/Virtual-meeting-and-desk-work-with-FFB-600x400.png 600w, https:\/\/folkfestbuscador.com\/wp-content\/uploads\/2026\/04\/Virtual-meeting-and-desk-work-with-FFB.png 1536w\" sizes=\"(max-width: 1024px) 100vw, 1024px\" \/>\t\t\t\t\t\t\t\t\t\t\t\t\t\t\t<\/div>\n\t\t\t\t<\/div>\n\t\t\t\t<\/div>\n\t\t<div class=\"elementor-element elementor-element-412d4cb7 e-flex e-con-boxed e-con e-parent\" data-id=\"412d4cb7\" data-element_type=\"container\" data-e-type=\"container\" data-settings=\"{&quot;background_background&quot;:&quot;classic&quot;}\">\n\t\t\t\t\t<div class=\"e-con-inner\">\n\t\t\t\t<div class=\"elementor-element elementor-element-6eb0fe77 elementor-widget elementor-widget-heading\" data-id=\"6eb0fe77\" data-element_type=\"widget\" data-e-type=\"widget\" data-widget_type=\"heading.default\">\n\t\t\t\t\t<h3 class=\"elementor-heading-title elementor-size-default\">Suscr\u00edbete y accede a oportunidades de festivales + asesoramiento<\/h3>\t\t\t\t<\/div>\n\t\t\t\t<div class=\"elementor-element elementor-element-353ecd55 elementor-mobile-align-center elementor-align-center elementor-widget elementor-widget-button\" data-id=\"353ecd55\" data-element_type=\"widget\" data-e-type=\"widget\" data-widget_type=\"button.default\">\n\t\t\t\t\t\t\t\t\t\t<a class=\"elementor-button elementor-button-link elementor-size-sm\" href=\"https:\/\/folkfestbuscador.com\/es\/contact\/\">\n\t\t\t\t\t\t<span class=\"elementor-button-content-wrapper\">\n\t\t\t\t\t\t\t\t\t<span class=\"elementor-button-text\">Suscr\u00edbete a la plataforma<\/span>\n\t\t\t\t\t<\/span>\n\t\t\t\t\t<\/a>\n\t\t\t\t\t\t\t\t<\/div>\n\t\t\t\t\t<\/div>\n\t\t\t\t<\/div>\n\t\t\t\t<\/div>\n\t\t","protected":false},"excerpt":{"rendered":"<p>Sobre M\u00ed Hola, soy Nina, fundadora de Folk Fest Buscador y una apasionada promotora de la cultura tradicional y del intercambio cultural internacional. Soy miembro de la IOV (Organizaci\u00f3n Internacional de Arte Popular), del CID \u2013 Consejo Internacional de la Danza, y de CIOFF (Consejo Internacional de Organizaciones de Festivales de Folklore y Artes Tradicionales). [&hellip;]<\/p>\n","protected":false},"author":1,"featured_media":0,"parent":0,"menu_order":0,"comment_status":"closed","ping_status":"closed","template":"","meta":{"footnotes":""},"class_list":["post-542","page","type-page","status-publish","hentry"],"acf":[],"_links":{"self":[{"href":"https:\/\/folkfestbuscador.com\/es\/wp-json\/wp\/v2\/pages\/542","targetHints":{"allow":["GET"]}}],"collection":[{"href":"https:\/\/folkfestbuscador.com\/es\/wp-json\/wp\/v2\/pages"}],"about":[{"href":"https:\/\/folkfestbuscador.com\/es\/wp-json\/wp\/v2\/types\/page"}],"author":[{"embeddable":true,"href":"https:\/\/folkfestbuscador.com\/es\/wp-json\/wp\/v2\/users\/1"}],"replies":[{"embeddable":true,"href":"https:\/\/folkfestbuscador.com\/es\/wp-json\/wp\/v2\/comments?post=542"}],"version-history":[{"count":5,"href":"https:\/\/folkfestbuscador.com\/es\/wp-json\/wp\/v2\/pages\/542\/revisions"}],"predecessor-version":[{"id":1474,"href":"https:\/\/folkfestbuscador.com\/es\/wp-json\/wp\/v2\/pages\/542\/revisions\/1474"}],"wp:attachment":[{"href":"https:\/\/folkfestbuscador.com\/es\/wp-json\/wp\/v2\/media?parent=542"}],"curies":[{"name":"wp","href":"https:\/\/api.w.org\/{rel}","templated":true}]}}