{"id":1194,"date":"2025-09-08T09:00:23","date_gmt":"2025-09-08T09:00:23","guid":{"rendered":"https:\/\/folkfestbuscador.com\/?post_type=product&#038;p=1194"},"modified":"2026-03-10T20:52:17","modified_gmt":"2026-03-10T20:52:17","slug":"acceso-completo-durante-180-dias","status":"publish","type":"product","link":"https:\/\/folkfestbuscador.com\/es\/producto\/acceso-completo-durante-180-dias\/","title":{"rendered":"Acceso completo durante 180 d\u00edas"},"content":{"rendered":"<p><em>Ideal para la planificaci\u00f3n de tours culturales a medio plazo<\/em><\/p>\n<ul>\n<li>Todo lo incluido en el plan de 3 meses<\/li>\n<li>Consulta individual conmigo para orientaci\u00f3n personalizada sobre festivales y planificaci\u00f3n de viajes<\/li>\n<li>Sugerencias de rutas culturales combinadas<\/li>\n<\/ul>\n<p><strong>Dise\u00f1ado para grupos que planean m\u00faltiples festivales o giras m\u00e1s largas<\/strong><\/p>\n","protected":false},"excerpt":{"rendered":"<p>Ideal para la planificaci\u00f3n de tours culturales a medio plazo Todo lo incluido en el plan de 3 meses Consulta individual conmigo para orientaci\u00f3n personalizada sobre festivales y planificaci\u00f3n de viajes Sugerencias de rutas culturales combinadas Dise\u00f1ado para grupos que planean m\u00faltiples festivales o giras m\u00e1s largas<\/p>\n","protected":false},"featured_media":1193,"template":"","meta":[],"product_brand":[],"product_cat":[105],"product_tag":[],"class_list":{"0":"post-1194","1":"product","2":"type-product","3":"status-publish","4":"has-post-thumbnail","6":"product_cat-sin-categoria","8":"first","9":"instock","10":"downloadable","11":"virtual","12":"sold-individually","13":"purchasable","14":"product-type-job_package"},"acf":[],"_links":{"self":[{"href":"https:\/\/folkfestbuscador.com\/es\/wp-json\/wp\/v2\/product\/1194","targetHints":{"allow":["GET"]}}],"collection":[{"href":"https:\/\/folkfestbuscador.com\/es\/wp-json\/wp\/v2\/product"}],"about":[{"href":"https:\/\/folkfestbuscador.com\/es\/wp-json\/wp\/v2\/types\/product"}],"wp:featuredmedia":[{"embeddable":true,"href":"https:\/\/folkfestbuscador.com\/es\/wp-json\/wp\/v2\/media\/1193"}],"wp:attachment":[{"href":"https:\/\/folkfestbuscador.com\/es\/wp-json\/wp\/v2\/media?parent=1194"}],"wp:term":[{"taxonomy":"product_brand","embeddable":true,"href":"https:\/\/folkfestbuscador.com\/es\/wp-json\/wp\/v2\/product_brand?post=1194"},{"taxonomy":"product_cat","embeddable":true,"href":"https:\/\/folkfestbuscador.com\/es\/wp-json\/wp\/v2\/product_cat?post=1194"},{"taxonomy":"product_tag","embeddable":true,"href":"https:\/\/folkfestbuscador.com\/es\/wp-json\/wp\/v2\/product_tag?post=1194"}],"curies":[{"name":"wp","href":"https:\/\/api.w.org\/{rel}","templated":true}]}}