{"id":1197,"date":"2025-09-08T08:00:23","date_gmt":"2025-09-08T08:00:23","guid":{"rendered":"https:\/\/folkfestbuscador.com\/?post_type=product&#038;p=1197"},"modified":"2026-03-10T20:45:40","modified_gmt":"2026-03-10T20:45:40","slug":"acceso-completo-durante-365-dias","status":"publish","type":"product","link":"https:\/\/folkfestbuscador.com\/es\/producto\/acceso-completo-durante-365-dias\/","title":{"rendered":"Acceso completo durante 365 d\u00edas"},"content":{"rendered":"<p><em>Ideal para grupos que desean acceso continuo durante todo el a\u00f1o<\/em><\/p>\n<ul>\n<li>Todo lo incluido en el plan de 6 meses<\/li>\n<li>Soporte prioritario y respuestas m\u00e1s r\u00e1pidas<\/li>\n<li>Consultas directas y continuas conmigo para planificaci\u00f3n a largo plazo y estrategias para tu conjunto<\/li>\n<li>Acceso completo a recursos avanzados y novedades de festivales antes de que se hagan p\u00fablicas<\/li>\n<\/ul>\n<p><strong>Perfecto para grupos que buscan orientaci\u00f3n continua y m\u00e1xima flexibilidad<\/strong><\/p>\n","protected":false},"excerpt":{"rendered":"<p>Ideal para grupos que desean acceso continuo durante todo el a\u00f1o Todo lo incluido en el plan de 6 meses Soporte prioritario y respuestas m\u00e1s r\u00e1pidas Consultas directas y continuas conmigo para planificaci\u00f3n a largo plazo y estrategias para tu conjunto Acceso completo a recursos avanzados y novedades de festivales antes de que se hagan [&hellip;]<\/p>\n","protected":false},"featured_media":1196,"template":"","meta":[],"product_brand":[],"product_cat":[105],"product_tag":[],"class_list":{"0":"post-1197","1":"product","2":"type-product","3":"status-publish","4":"has-post-thumbnail","6":"product_cat-sin-categoria","8":"first","9":"instock","10":"downloadable","11":"virtual","12":"sold-individually","13":"purchasable","14":"product-type-job_package"},"acf":[],"_links":{"self":[{"href":"https:\/\/folkfestbuscador.com\/es\/wp-json\/wp\/v2\/product\/1197","targetHints":{"allow":["GET"]}}],"collection":[{"href":"https:\/\/folkfestbuscador.com\/es\/wp-json\/wp\/v2\/product"}],"about":[{"href":"https:\/\/folkfestbuscador.com\/es\/wp-json\/wp\/v2\/types\/product"}],"wp:featuredmedia":[{"embeddable":true,"href":"https:\/\/folkfestbuscador.com\/es\/wp-json\/wp\/v2\/media\/1196"}],"wp:attachment":[{"href":"https:\/\/folkfestbuscador.com\/es\/wp-json\/wp\/v2\/media?parent=1197"}],"wp:term":[{"taxonomy":"product_brand","embeddable":true,"href":"https:\/\/folkfestbuscador.com\/es\/wp-json\/wp\/v2\/product_brand?post=1197"},{"taxonomy":"product_cat","embeddable":true,"href":"https:\/\/folkfestbuscador.com\/es\/wp-json\/wp\/v2\/product_cat?post=1197"},{"taxonomy":"product_tag","embeddable":true,"href":"https:\/\/folkfestbuscador.com\/es\/wp-json\/wp\/v2\/product_tag?post=1197"}],"curies":[{"name":"wp","href":"https:\/\/api.w.org\/{rel}","templated":true}]}}