{"id":887,"date":"2025-09-08T10:00:23","date_gmt":"2025-09-08T10:00:23","guid":{"rendered":"https:\/\/folkfestbuscador.com\/?post_type=product&#038;p=887"},"modified":"2026-03-10T20:50:42","modified_gmt":"2026-03-10T20:50:42","slug":"acceso-completo-durante-90-dias","status":"publish","type":"product","link":"https:\/\/folkfestbuscador.com\/es\/producto\/acceso-completo-durante-90-dias\/","title":{"rendered":"Acceso completo durante 90 d\u00edas"},"content":{"rendered":"<p><em>Ideal para quienes buscan una oportunidad puntual<\/em><\/p>\n<ul>\n<li>Acceso completo a nuestra base de datos de festivales verificados<\/li>\n<li>Bolet\u00edn con noticias, consejos y orientaci\u00f3n b\u00e1sica<\/li>\n<li>Acceso a nuestro grupo comunitario de WhatsApp<\/li>\n<\/ul>\n<p><strong>Perfecto para la primera participaci\u00f3n internacional o planificaci\u00f3n a corto plazo<\/strong><\/p>\n","protected":false},"excerpt":{"rendered":"<p>mini description of the packages more lines<\/p>\n","protected":false},"featured_media":886,"template":"","meta":[],"product_brand":[],"product_cat":[105],"product_tag":[],"class_list":{"0":"post-887","1":"product","2":"type-product","3":"status-publish","4":"has-post-thumbnail","6":"product_cat-sin-categoria","8":"first","9":"instock","10":"downloadable","11":"virtual","12":"sold-individually","13":"purchasable","14":"product-type-job_package"},"acf":[],"_links":{"self":[{"href":"https:\/\/folkfestbuscador.com\/es\/wp-json\/wp\/v2\/product\/887","targetHints":{"allow":["GET"]}}],"collection":[{"href":"https:\/\/folkfestbuscador.com\/es\/wp-json\/wp\/v2\/product"}],"about":[{"href":"https:\/\/folkfestbuscador.com\/es\/wp-json\/wp\/v2\/types\/product"}],"wp:featuredmedia":[{"embeddable":true,"href":"https:\/\/folkfestbuscador.com\/es\/wp-json\/wp\/v2\/media\/886"}],"wp:attachment":[{"href":"https:\/\/folkfestbuscador.com\/es\/wp-json\/wp\/v2\/media?parent=887"}],"wp:term":[{"taxonomy":"product_brand","embeddable":true,"href":"https:\/\/folkfestbuscador.com\/es\/wp-json\/wp\/v2\/product_brand?post=887"},{"taxonomy":"product_cat","embeddable":true,"href":"https:\/\/folkfestbuscador.com\/es\/wp-json\/wp\/v2\/product_cat?post=887"},{"taxonomy":"product_tag","embeddable":true,"href":"https:\/\/folkfestbuscador.com\/es\/wp-json\/wp\/v2\/product_tag?post=887"}],"curies":[{"name":"wp","href":"https:\/\/api.w.org\/{rel}","templated":true}]}}